{"id":1100,"date":"2016-03-16T19:50:28","date_gmt":"2016-03-16T19:50:28","guid":{"rendered":"https:\/\/demo07.houzez.co\/?page_id=1100"},"modified":"2025-11-18T12:38:57","modified_gmt":"2025-11-18T12:38:57","slug":"contacto","status":"publish","type":"page","link":"https:\/\/urbilar.com\/en\/contacto\/","title":{"rendered":"Contacto"},"content":{"rendered":"<div data-elementor-type=\"wp-post\" data-elementor-id=\"1100\" class=\"elementor elementor-1100\">\n\t\t\t\t\t\t<section class=\"elementor-section elementor-top-section elementor-element elementor-element-9ff9608 elementor-section-height-min-height elementor-section-boxed elementor-section-height-default elementor-section-items-middle\" data-id=\"9ff9608\" data-element_type=\"section\" data-settings=\"{&quot;background_background&quot;:&quot;classic&quot;}\">\n\t\t\t\t\t\t\t<div class=\"elementor-background-overlay\"><\/div>\n\t\t\t\t\t\t\t<div class=\"elementor-container elementor-column-gap-default\">\n\t\t\t\t\t<div class=\"elementor-column elementor-col-100 elementor-top-column elementor-element elementor-element-d61d43e\" data-id=\"d61d43e\" data-element_type=\"column\">\n\t\t\t<div class=\"elementor-widget-wrap elementor-element-populated\">\n\t\t\t\t\t\t<div class=\"elementor-element elementor-element-c61d951 elementor-widget elementor-widget-heading\" data-id=\"c61d951\" data-element_type=\"widget\" data-widget_type=\"heading.default\">\n\t\t\t\t\t<h2 class=\"elementor-heading-title elementor-size-default\">Cont\u00e1ctanos<\/h2>\t\t\t\t<\/div>\n\t\t\t\t\t<\/div>\n\t\t<\/div>\n\t\t\t\t\t<\/div>\n\t\t<\/section>\n\t\t\t\t<section class=\"elementor-section elementor-top-section elementor-element elementor-element-10fffc2e elementor-section-boxed elementor-section-height-default elementor-section-height-default\" data-id=\"10fffc2e\" data-element_type=\"section\">\n\t\t\t\t\t\t<div class=\"elementor-container elementor-column-gap-default\">\n\t\t\t\t\t<div class=\"elementor-column elementor-col-100 elementor-top-column elementor-element elementor-element-2ca48d39\" data-id=\"2ca48d39\" data-element_type=\"column\">\n\t\t\t<div class=\"elementor-widget-wrap elementor-element-populated\">\n\t\t\t\t\t\t<div class=\"elementor-element elementor-element-7370afc1 elementor-widget elementor-widget-houzez_elementor_space\" data-id=\"7370afc1\" data-element_type=\"widget\" data-widget_type=\"houzez_elementor_space.default\">\n\t\t\t\t<div class=\"elementor-widget-container\">\n\t\t\t\t\t        <div class=\"houzez-spacer\">\n            <div class=\"houzez-spacer-inner\"><\/div>\n        <\/div>\n        \t\t\t\t<\/div>\n\t\t\t\t<\/div>\n\t\t\t\t\t<\/div>\n\t\t<\/div>\n\t\t\t\t\t<\/div>\n\t\t<\/section>\n\t\t\t\t<section class=\"elementor-section elementor-top-section elementor-element elementor-element-24162240 elementor-section-content-top animated-slow elementor-section-boxed elementor-section-height-default elementor-section-height-default elementor-invisible\" data-id=\"24162240\" data-element_type=\"section\" data-settings=\"{&quot;animation&quot;:&quot;fadeIn&quot;}\">\n\t\t\t\t\t\t<div class=\"elementor-container elementor-column-gap-default\">\n\t\t\t\t\t<div class=\"elementor-column elementor-col-50 elementor-top-column elementor-element elementor-element-39a8ea11\" data-id=\"39a8ea11\" data-element_type=\"column\" data-settings=\"{&quot;background_background&quot;:&quot;classic&quot;}\">\n\t\t\t<div class=\"elementor-widget-wrap elementor-element-populated\">\n\t\t\t\t\t\t<div class=\"elementor-element elementor-element-60a0df93 elementor-widget elementor-widget-google_maps\" data-id=\"60a0df93\" data-element_type=\"widget\" data-widget_type=\"google_maps.default\">\n\t\t\t\t\t\t\t<div class=\"elementor-custom-embed\">\n\t\t\t<iframe loading=\"lazy\"\n\t\t\t\t\tsrc=\"https:\/\/maps.google.com\/maps?q=Calle%20Francisco%20Alcayde%2C%2025&#038;t=m&#038;z=12&#038;output=embed&#038;iwloc=near\"\n\t\t\t\t\ttitle=\"Calle Francisco Alcayde, 25\"\n\t\t\t\t\taria-label=\"Calle Francisco Alcayde, 25\"\n\t\t\t><\/iframe>\n\t\t<\/div>\n\t\t\t\t\t\t<\/div>\n\t\t\t\t<div class=\"elementor-element elementor-element-3a077dca elementor-widget elementor-widget-text-editor\" data-id=\"3a077dca\" data-element_type=\"widget\" data-widget_type=\"text-editor.default\">\n\t\t\t\t\t\t\t\t\t<h1><strong>\u00bfTienes alguna consulta?<\/strong><\/h1><p>Cont\u00e1cta con el equipo de Urbilar.com Inmobiliarias<\/p>\t\t\t\t\t\t\t\t<\/div>\n\t\t\t\t<div class=\"elementor-element elementor-element-7f386f1 elementor-widget elementor-widget-shortcode\" data-id=\"7f386f1\" data-element_type=\"widget\" data-widget_type=\"shortcode.default\">\n\t\t\t\t\t\t\t<div class=\"elementor-shortcode\">\n<div class=\"wpcf7 no-js\" id=\"wpcf7-f2766-o1\" lang=\"es-ES\" dir=\"ltr\" data-wpcf7-id=\"2766\">\n<div class=\"screen-reader-response\"><p role=\"status\" aria-live=\"polite\" aria-atomic=\"true\"><\/p> <ul><\/ul><\/div>\n<form action=\"\/en\/wp-json\/wp\/v2\/pages\/1100#wpcf7-f2766-o1\" method=\"post\" class=\"wpcf7-form init\" aria-label=\"Formulario de contacto\" novalidate=\"novalidate\" data-status=\"init\" data-trp-original-action=\"\/en\/wp-json\/wp\/v2\/pages\/1100#wpcf7-f2766-o1\">\n<fieldset class=\"hidden-fields-container\"><input type=\"hidden\" name=\"_wpcf7\" value=\"2766\" \/><input type=\"hidden\" name=\"_wpcf7_version\" value=\"6.1.3\" \/><input type=\"hidden\" name=\"_wpcf7_locale\" value=\"es_ES\" \/><input type=\"hidden\" name=\"_wpcf7_unit_tag\" value=\"wpcf7-f2766-o1\" \/><input type=\"hidden\" name=\"_wpcf7_container_post\" value=\"0\" \/><input type=\"hidden\" name=\"_wpcf7_posted_data_hash\" value=\"\" \/>\n<\/fieldset>\n<div class=\"pt-contact-form\">\n\t<style>\n.pt-contact-form .form-row {\n display: flex;\n flex-wrap: wrap;\n gap: 1rem;\n margin-bottom: 1rem;\n}\n\n.pt-contact-form .form-group.half-width {\n flex: 1 1 calc(50% - 0.5rem); \/* Dos campos por fila *\/\n}\n\n.pt-contact-form .form-group.full-width {\n flex: 1 1 100%; \/* Toda la l\u00ednea *\/\n}\n\n.pt-contact-form .form-group input,\n.pt-contact-form .form-group textarea,\n.pt-contact-form .form-group file {\n width: 100%;\n box-sizing: border-box;\n padding: 0.5rem;\n}\n\n\/* FORZAR que el checkbox de aceptaci\u00f3n y el texto est\u00e9n en la misma l\u00ednea *\/\n.pt-contact-form .form-group input[type=\"checkbox\"] {\n margin-right: 0.5rem; \/* espacio entre checkbox y texto *\/\n}\n\n.pt-contact-form .form-group .wpcf7-acceptance {\n display: flex;\n align-items: center; \/* Alinea checkbox y texto verticalmente *\/\n gap: 0.5rem; \/* espacio opcional *\/\n}\n\n.wpcf7-acceptance .wpcf7-list-item label {\n display: flex;\n align-items: center; \/* Centra checkbox y texto verticalmente *\/\n gap: 0.5rem; \/* Espacio entre casilla y texto *\/\n margin: 0;\n padding: 0;\n}\n\n.wpcf7-acceptance input[type=\"checkbox\"] {\n margin-top: 0; \/* Quita el margin que desalineaba la casilla *\/\n width: 1.2em;\n height: 1.2em;\n}\n\n.wpcf7-acceptance .wpcf7-list-item-label {\n margin: 0;\n padding: 0;\n line-height: 1.2; \/* Ajusta alineaci\u00f3n vertical con checkbox *\/\n}\n\n\/* Bot\u00f3n enviar CF7 *\/\n.pt-contact-form .wpcf7-submit {\n background-color: #000000; \/* Fondo negro *\/\n color: #ffffff; \/* Texto blanco *\/\n border: none; \/* Sin borde *\/\n padding: 0.75rem 1.5rem; \/* Ajusta tama\u00f1o del bot\u00f3n *\/\n cursor: pointer; \/* Manito al pasar el mouse *\/\n transition: background-color 0.3s ease; \/* Transici\u00f3n suave *\/\n font-size: 1rem;\n}\n\n\/* Hover *\/\n.pt-contact-form .wpcf7-submit:hover {\n background-color: #5A5A5A; \/* Gris oscuro al hover *\/\n color: #ffffff; \/* Texto sigue en blanco *\/\n}\n\t<\/style>\n\n <!-- Fila Nombre + Apellido -->\n\t<div class=\"form-row\">\n\t\t<div class=\"form-group half-width\">\n\t\t\t<p><span class=\"wpcf7-form-control-wrap\" data-name=\"your-name\"><input size=\"40\" maxlength=\"400\" class=\"wpcf7-form-control wpcf7-text wpcf7-validates-as-required\" aria-required=\"true\" aria-invalid=\"false\" placeholder=\"Nombre\" value=\"\" type=\"text\" name=\"your-name\" \/><\/span>\n\t\t\t<\/p>\n\t\t<\/div>\n\t\t<div class=\"form-group half-width\">\n\t\t\t<p><span class=\"wpcf7-form-control-wrap\" data-name=\"your-surname\"><input size=\"40\" maxlength=\"400\" class=\"wpcf7-form-control wpcf7-text wpcf7-validates-as-required\" aria-required=\"true\" aria-invalid=\"false\" placeholder=\"Apellidos\" value=\"\" type=\"text\" name=\"your-surname\" \/><\/span>\n\t\t\t<\/p>\n\t\t<\/div>\n\t<\/div>\n\n\n <!-- Correo-->\n\t<div class=\"form-row\">\n\t\t<div class=\"form-group full-width\">\n\t\t\t<p><span class=\"wpcf7-form-control-wrap\" data-name=\"email-136\"><input size=\"40\" maxlength=\"400\" class=\"wpcf7-form-control wpcf7-email wpcf7-validates-as-required wpcf7-text wpcf7-validates-as-email\" aria-required=\"true\" aria-invalid=\"false\" placeholder=\"Correo electr\u00f3nico\" value=\"\" type=\"email\" name=\"email-136\" \/><\/span>\n\t\t\t<\/p>\n\t\t<\/div>\n\t<\/div>\n\n <!-- Cu\u00e9ntanos -->\n\t<div class=\"form-row\">\n\t\t<div class=\"form-group full-width\">\n\t\t\t<p><span class=\"wpcf7-form-control-wrap\" data-name=\"your-message\"><textarea cols=\"40\" rows=\"10\" maxlength=\"2000\" class=\"wpcf7-form-control wpcf7-textarea wpcf7-validates-as-required\" aria-required=\"true\" aria-invalid=\"false\" placeholder=\"Cu\u00e9ntanos\" name=\"your-message\"><\/textarea><\/span>\n\t\t\t<\/p>\n\t\t<\/div>\n\t<\/div>\n\n <!-- Aceptaci\u00f3n en una l\u00ednea -->\n\t<div class=\"form-row\">\n\t\t<div class=\"form-group full-width\">\n\t\t\t<p><span class=\"wpcf7-form-control-wrap\" data-name=\"acceptance-476\"><span class=\"wpcf7-form-control wpcf7-acceptance\"><span class=\"wpcf7-list-item\"><label><input type=\"checkbox\" name=\"acceptance-476\" value=\"1\" aria-invalid=\"false\" \/><span class=\"wpcf7-list-item-label\">Consiento el uso de mis datos personales seg\u00fan los t\u00e9rminos establecidos en esta <a href=\"\/privacy-policy\/\" style=\"text-decoration: underline;\">Pol\u00edtica de Privacidad<\/a>*<\/span><\/label><\/span><\/span><\/span>\n\t\t\t<\/p>\n\t\t<\/div>\n\t<\/div>\n\n <!-- Submit -->\n\t<div class=\"form-row\">\n\t\t<div class=\"form-group full-width\">\n\t\t\t<p><input class=\"wpcf7-form-control wpcf7-submit has-spinner\" type=\"submit\" value=\"Enviar\" \/>\n\t\t\t<\/p>\n\t\t<\/div>\n\t<\/div>\n<\/div><div class=\"wpcf7-response-output\" aria-hidden=\"true\"><\/div>\n<input type=\"hidden\" name=\"trp-form-language\" value=\"en\"\/><\/form>\n<\/div>\n<\/div>\n\t\t\t\t\t\t<\/div>\n\t\t\t\t\t<\/div>\n\t\t<\/div>\n\t\t\t\t<div class=\"elementor-column elementor-col-50 elementor-top-column elementor-element elementor-element-3f4b097e\" data-id=\"3f4b097e\" data-element_type=\"column\">\n\t\t\t<div class=\"elementor-widget-wrap elementor-element-populated\">\n\t\t\t\t\t\t<div class=\"elementor-element elementor-element-62c17e57 elementor-widget elementor-widget-text-editor\" data-id=\"62c17e57\" data-element_type=\"widget\" data-widget_type=\"text-editor.default\">\n\t\t\t\t\t\t\t\t\t<p><b>URBILAR.COM<\/b><\/p><p>Calle Francisco Alcayde, 25<br \/>46183 La Eliana, Val\u00e8ncia<\/p><p><strong>Email:<\/strong>\u00a0<a href=\"mailto:urbilar@urbilar.com\">urbilar@urbilar.com<\/a><\/p><p><strong>Tel\u00e9fono:<\/strong> <span class=\"top-bar-contact-info top-bar-contact-phone\"><a href=\"tel:963660055\">963 660 055<\/a><\/span>\u00a0<\/p>\t\t\t\t\t\t\t\t<\/div>\n\t\t\t\t\t<\/div>\n\t\t<\/div>\n\t\t\t\t\t<\/div>\n\t\t<\/section>\n\t\t\t\t<section class=\"elementor-section elementor-top-section elementor-element elementor-element-63a857e2 elementor-section-boxed elementor-section-height-default elementor-section-height-default\" data-id=\"63a857e2\" data-element_type=\"section\">\n\t\t\t\t\t\t<div class=\"elementor-container elementor-column-gap-default\">\n\t\t\t\t\t<div class=\"elementor-column elementor-col-100 elementor-top-column elementor-element elementor-element-40559f85\" data-id=\"40559f85\" data-element_type=\"column\">\n\t\t\t<div class=\"elementor-widget-wrap elementor-element-populated\">\n\t\t\t\t\t\t<div class=\"elementor-element elementor-element-27406cc4 elementor-widget elementor-widget-spacer\" data-id=\"27406cc4\" data-element_type=\"widget\" data-widget_type=\"spacer.default\">\n\t\t\t\t\t\t\t<div class=\"elementor-spacer\">\n\t\t\t<div class=\"elementor-spacer-inner\"><\/div>\n\t\t<\/div>\n\t\t\t\t\t\t<\/div>\n\t\t\t\t\t<\/div>\n\t\t<\/div>\n\t\t\t\t\t<\/div>\n\t\t<\/section>\n\t\t\t\t<\/div>","protected":false},"excerpt":{"rendered":"<p>Cont\u00e1ctanos \u00bfTienes alguna consulta? Cont\u00e1cta con el equipo de Urbilar.com Inmobiliarias URBILAR.COM Calle Francisco Alcayde, 2546183 La Eliana, Val\u00e8ncia Email:\u00a0urbilar@urbilar.com Tel\u00e9fono: 963 660 055\u00a0<\/p>","protected":false},"author":1,"featured_media":0,"parent":0,"menu_order":0,"comment_status":"closed","ping_status":"closed","template":"elementor_header_footer","meta":{"content-type":"","footnotes":""},"class_list":["post-1100","page","type-page","status-publish","hentry"],"yoast_head":"<!-- This site is optimized with the Yoast SEO plugin v26.3 - https:\/\/yoast.com\/wordpress\/plugins\/seo\/ -->\n<title>Contacto - Urbilar<\/title>\n<meta name=\"description\" content=\"Contacta con Urbilar Inmobiliaria. Te ayudamos a comprar, vender o alquilar tu vivienda con asesoramiento experto y trato personalizado.\" \/>\n<meta name=\"robots\" content=\"index, follow, max-snippet:-1, max-image-preview:large, max-video-preview:-1\" \/>\n<link rel=\"canonical\" href=\"https:\/\/urbilar.com\/en\/contacto\/\" \/>\n<meta property=\"og:locale\" content=\"en_GB\" \/>\n<meta property=\"og:type\" content=\"article\" \/>\n<meta property=\"og:title\" content=\"Contacto - Urbilar\" \/>\n<meta property=\"og:description\" content=\"Contacta con Urbilar Inmobiliaria. Te ayudamos a comprar, vender o alquilar tu vivienda con asesoramiento experto y trato personalizado.\" \/>\n<meta property=\"og:url\" content=\"https:\/\/urbilar.com\/en\/contacto\/\" \/>\n<meta property=\"og:site_name\" content=\"Urbilar\" \/>\n<meta property=\"article:modified_time\" content=\"2025-11-18T12:38:57+00:00\" \/>\n<meta name=\"twitter:card\" content=\"summary_large_image\" \/>\n<script type=\"application\/ld+json\" class=\"yoast-schema-graph\">{\"@context\":\"https:\/\/schema.org\",\"@graph\":[{\"@type\":\"WebPage\",\"@id\":\"https:\/\/urbilar.com\/contacto\/\",\"url\":\"https:\/\/urbilar.com\/contacto\/\",\"name\":\"Contacto - Urbilar\",\"isPartOf\":{\"@id\":\"https:\/\/urbilar.com\/#website\"},\"datePublished\":\"2016-03-16T19:50:28+00:00\",\"dateModified\":\"2025-11-18T12:38:57+00:00\",\"description\":\"Contacta con Urbilar Inmobiliaria. Te ayudamos a comprar, vender o alquilar tu vivienda con asesoramiento experto y trato personalizado.\",\"breadcrumb\":{\"@id\":\"https:\/\/urbilar.com\/contacto\/#breadcrumb\"},\"inLanguage\":\"en-GB\",\"potentialAction\":[{\"@type\":\"ReadAction\",\"target\":[\"https:\/\/urbilar.com\/contacto\/\"]}]},{\"@type\":\"BreadcrumbList\",\"@id\":\"https:\/\/urbilar.com\/contacto\/#breadcrumb\",\"itemListElement\":[{\"@type\":\"ListItem\",\"position\":1,\"name\":\"Portada\",\"item\":\"https:\/\/urbilar.com\/\"},{\"@type\":\"ListItem\",\"position\":2,\"name\":\"Contacto\"}]},{\"@type\":\"WebSite\",\"@id\":\"https:\/\/urbilar.com\/#website\",\"url\":\"https:\/\/urbilar.com\/\",\"name\":\"Urbilar\",\"description\":\"\",\"potentialAction\":[{\"@type\":\"SearchAction\",\"target\":{\"@type\":\"EntryPoint\",\"urlTemplate\":\"https:\/\/urbilar.com\/?s={search_term_string}\"},\"query-input\":{\"@type\":\"PropertyValueSpecification\",\"valueRequired\":true,\"valueName\":\"search_term_string\"}}],\"inLanguage\":\"en-GB\"}]}<\/script>\n<!-- \/ Yoast SEO plugin. -->","yoast_head_json":{"title":"Contacto - Urbilar","description":"Contacta con Urbilar Inmobiliaria. Te ayudamos a comprar, vender o alquilar tu vivienda con asesoramiento experto y trato personalizado.","robots":{"index":"index","follow":"follow","max-snippet":"max-snippet:-1","max-image-preview":"max-image-preview:large","max-video-preview":"max-video-preview:-1"},"canonical":"https:\/\/urbilar.com\/en\/contacto\/","og_locale":"en_GB","og_type":"article","og_title":"Contacto - Urbilar","og_description":"Contacta con Urbilar Inmobiliaria. Te ayudamos a comprar, vender o alquilar tu vivienda con asesoramiento experto y trato personalizado.","og_url":"https:\/\/urbilar.com\/en\/contacto\/","og_site_name":"Urbilar","article_modified_time":"2025-11-18T12:38:57+00:00","twitter_card":"summary_large_image","schema":{"@context":"https:\/\/schema.org","@graph":[{"@type":"WebPage","@id":"https:\/\/urbilar.com\/contacto\/","url":"https:\/\/urbilar.com\/contacto\/","name":"Contacto - Urbilar","isPartOf":{"@id":"https:\/\/urbilar.com\/#website"},"datePublished":"2016-03-16T19:50:28+00:00","dateModified":"2025-11-18T12:38:57+00:00","description":"Contacta con Urbilar Inmobiliaria. Te ayudamos a comprar, vender o alquilar tu vivienda con asesoramiento experto y trato personalizado.","breadcrumb":{"@id":"https:\/\/urbilar.com\/contacto\/#breadcrumb"},"inLanguage":"en-GB","potentialAction":[{"@type":"ReadAction","target":["https:\/\/urbilar.com\/contacto\/"]}]},{"@type":"BreadcrumbList","@id":"https:\/\/urbilar.com\/contacto\/#breadcrumb","itemListElement":[{"@type":"ListItem","position":1,"name":"Portada","item":"https:\/\/urbilar.com\/"},{"@type":"ListItem","position":2,"name":"Contacto"}]},{"@type":"WebSite","@id":"https:\/\/urbilar.com\/#website","url":"https:\/\/urbilar.com\/","name":"Urbilar","description":"","potentialAction":[{"@type":"SearchAction","target":{"@type":"EntryPoint","urlTemplate":"https:\/\/urbilar.com\/?s={search_term_string}"},"query-input":{"@type":"PropertyValueSpecification","valueRequired":true,"valueName":"search_term_string"}}],"inLanguage":"en-GB"}]}},"_links":{"self":[{"href":"https:\/\/urbilar.com\/en\/wp-json\/wp\/v2\/pages\/1100","targetHints":{"allow":["GET"]}}],"collection":[{"href":"https:\/\/urbilar.com\/en\/wp-json\/wp\/v2\/pages"}],"about":[{"href":"https:\/\/urbilar.com\/en\/wp-json\/wp\/v2\/types\/page"}],"author":[{"embeddable":true,"href":"https:\/\/urbilar.com\/en\/wp-json\/wp\/v2\/users\/1"}],"replies":[{"embeddable":true,"href":"https:\/\/urbilar.com\/en\/wp-json\/wp\/v2\/comments?post=1100"}],"version-history":[{"count":55,"href":"https:\/\/urbilar.com\/en\/wp-json\/wp\/v2\/pages\/1100\/revisions"}],"predecessor-version":[{"id":2793,"href":"https:\/\/urbilar.com\/en\/wp-json\/wp\/v2\/pages\/1100\/revisions\/2793"}],"wp:attachment":[{"href":"https:\/\/urbilar.com\/en\/wp-json\/wp\/v2\/media?parent=1100"}],"curies":[{"name":"wp","href":"https:\/\/api.w.org\/{rel}","templated":true}]}}