{"id":2477,"date":"2025-11-03T12:56:21","date_gmt":"2025-11-03T12:56:21","guid":{"rendered":"https:\/\/urbilar.essedi.es\/?page_id=2477"},"modified":"2025-11-12T13:55:09","modified_gmt":"2025-11-12T13:55:09","slug":"politica-de-solicitudes-de-empleo","status":"publish","type":"page","link":"https:\/\/urbilar.com\/en\/politica-de-solicitudes-de-empleo\/","title":{"rendered":"Pol\u00edtica de Solicitudes de Empleo"},"content":{"rendered":"<p><strong>1. Identificaci\u00f3n del Responsable del tratamiento<\/strong><\/p>\n\n\n\n<p><span style=\"text-decoration: underline;\">Entidad:<\/span>\u00a0URBILAR GLOBAL<br><span style=\"text-decoration: underline;\">CIF\/NIF:\u00a0<\/span>B97034730<br><span style=\"text-decoration: underline;\">Direcci\u00f3n postal:<\/span>\u00a0Calle Francisco Alcayde 25 46183 &#8211; La Eliana Valencia (Valencia)<br><span style=\"text-decoration: underline;\">Tel\u00e9fono:<\/span>\u00a0963 66 00 55<br><span style=\"text-decoration: underline;\">Correo electr\u00f3nico:\u00a0<\/span>urbilar@urbilar.com<br><span style=\"text-decoration: underline;\">Objeto Social:<\/span>\u00a0Servicios Inmobiliarios<br><span style=\"text-decoration: underline;\">Sitio web:\u00a0<\/span>https:\/\/www.urbilar.com\/<br><span style=\"text-decoration: underline;\">Datos registrales:<\/span>\u00a0Registro Mercantil de Valencia, Tomo 6781, Libro 4085, Folio 35, Secci\u00f3n 8, Hoja V 75110<\/p>\n\n\n\n<p><strong>2. Informaci\u00f3n sobre la Normativa de protecci\u00f3n de datos personales<\/strong><\/p>\n\n\n\n<p>Le informamos que el tratamiento de los datos personales que nos facilita ser\u00e1 exclusivamente con el fin de mantenerle informado de las distintas vacantes que se produzcan en nuestra organizaci\u00f3n, as\u00ed como contar con su participaci\u00f3n en los procesos de selecci\u00f3n de personal, bolsa de trabajo y posible contrataci\u00f3n que se lleve a cabo. Las comunicaciones se realizar\u00e1n por los medios de contacto que nos ha facilitado en su solicitud de empleo.<\/p>\n\n\n\n<p>Sus datos tambi\u00e9n se pueden utilizar para pedir referencias sobre su trayectoria profesional, a las empresas en las que ha nos informe que ha trabajado.<\/p>\n\n\n\n<p>En el caso de que proceda o que Usted entienda que deba informarnos sobre su grado de minusval\u00eda, intolerancias, alergias o alg\u00fan otro dato sobre su salud y relacionado con el puesto de trabajo solicitado, le informamos que estos datos ser\u00e1n tratados para dar cumplimiento al art\u00edculo 15 de la Ley 31\/1995 de Prevenci\u00f3n de Riesgos Laborales en el que debemos conocer dicho dato para adecuar el lugar de trabajo a las necesidades del empleado, as\u00ed como con el Real Decreto Legislativo 1\/2013, de 29 de noviembre, por el que se aprueba el Texto Refundido de la Ley General de derechos de las personas con discapacidad y de su inclusi\u00f3n social. Cualquier otro dato innecesario para el objeto de esta solicitud, lo destruiremos de forma segura y confidencial.<\/p>\n\n\n\n<p>Garantizamos el buen uso de la informaci\u00f3n, la confidencialidad de los datos personales contenidos en su solicitud de empleo, aplicando todas las medidas de seguridad necesarias para velar por su integridad, confidencialidad y disponibilidad. En definitiva, dar cumplimiento a las obligaciones que nuestra entidad tiene en materia de protecci\u00f3n de datos personales.<\/p>\n\n\n\n<p>As\u00ed mismo, le informamos que sus datos personales no se ceder\u00e1n a terceros por ning\u00fan motivo, salvo que medie su consentimiento previo.<\/p>\n\n\n\n<p>Los datos personales proporcionados en calidad de solicitante de empleo se conservar\u00e1n durante un plazo m\u00e1ximo de un (1) a\u00f1o, hasta la ocupaci\u00f3n de un puesto de trabajo o hasta que usted ejerza su derecho de cancelaci\u00f3n; por tanto, tiene derecho a acceder a sus datos personales, rectificar los datos inexactos, oponerse o limitar en cualquier momento a su tratamiento de sus datos personales, incluso solicitar la portabilidad de estos.<\/p>\n\n\n\n<p>Cualquiera de sus derechos, puede ejercerlos mediante comunicaci\u00f3n escrita al correo electr\u00f3nico info@businessadapter.es, adjuntando a su solicitud una copia de su DNI, para identificarle. Si lo desea, tambi\u00e9n puede hacernos llegar sus recomendaciones, quejas o consultas sobre el tratamiento de sus datos personales a dicho email.<\/p>\n\n\n\n<p>Puede saber m\u00e1s sobre como tratamos los datos personales en nuestra&nbsp;<a href=\"https:\/\/www.urbilar.com\/politica-de-privacidad\" target=\"_blank\" rel=\"noreferrer noopener\">Pol\u00edtica de Privacidad<\/a>.<\/p>\n\n\n\n<p>Si entiende que sus derechos han sido vulnerados, puede reclamar ante la Agencia Espa\u00f1ola de Protecci\u00f3n de Datos, C\/ Jorge Juan, 6, 28001 Madrid o en www.aepd.es.<\/p>\n\n\n\n<p><strong>3. Actualizaci\u00f3n de esta Pol\u00edtica<\/strong><\/p>\n\n\n\n<p>Nuestra entidad se reserva el derecho a la modificaci\u00f3n de esta Pol\u00edtica sin previo aviso. Es por ello, que recomendamos consultarla cada vez que visite nuestra web.<\/p>","protected":false},"excerpt":{"rendered":"<p>1. Identificaci\u00f3n del Responsable del tratamiento Entidad:\u00a0URBILAR GLOBALCIF\/NIF:\u00a0B97034730Direcci\u00f3n postal:\u00a0Calle Francisco Alcayde 25 46183 &#8211; La Eliana Valencia (Valencia)Tel\u00e9fono:\u00a0963 66 00 55Correo electr\u00f3nico:\u00a0urbilar@urbilar.comObjeto Social:\u00a0Servicios InmobiliariosSitio web:\u00a0https:\/\/www.urbilar.com\/Datos registrales:\u00a0Registro Mercantil de Valencia, Tomo 6781, Libro 4085, Folio 35, Secci\u00f3n 8, Hoja V 75110 2. Informaci\u00f3n sobre la Normativa de protecci\u00f3n de datos personales Le informamos que el tratamiento [&hellip;]<\/p>","protected":false},"author":1,"featured_media":0,"parent":0,"menu_order":0,"comment_status":"closed","ping_status":"closed","template":"","meta":{"content-type":"","footnotes":""},"class_list":["post-2477","page","type-page","status-publish","hentry"],"yoast_head":"<!-- This site is optimized with the Yoast SEO plugin v26.3 - https:\/\/yoast.com\/wordpress\/plugins\/seo\/ -->\n<title>Pol\u00edtica de Solicitudes de Empleo - Urbilar<\/title>\n<meta name=\"robots\" content=\"index, follow, max-snippet:-1, max-image-preview:large, max-video-preview:-1\" \/>\n<link rel=\"canonical\" href=\"https:\/\/urbilar.com\/en\/politica-de-solicitudes-de-empleo\/\" \/>\n<meta property=\"og:locale\" content=\"en_GB\" \/>\n<meta property=\"og:type\" content=\"article\" \/>\n<meta property=\"og:title\" content=\"Pol\u00edtica de Solicitudes de Empleo - Urbilar\" \/>\n<meta property=\"og:description\" content=\"1. Identificaci\u00f3n del Responsable del tratamiento Entidad:\u00a0URBILAR GLOBALCIF\/NIF:\u00a0B97034730Direcci\u00f3n postal:\u00a0Calle Francisco Alcayde 25 46183 &#8211; La Eliana Valencia (Valencia)Tel\u00e9fono:\u00a0963 66 00 55Correo electr\u00f3nico:\u00a0urbilar@urbilar.comObjeto Social:\u00a0Servicios InmobiliariosSitio web:\u00a0https:\/\/www.urbilar.com\/Datos registrales:\u00a0Registro Mercantil de Valencia, Tomo 6781, Libro 4085, Folio 35, Secci\u00f3n 8, Hoja V 75110 2. Informaci\u00f3n sobre la Normativa de protecci\u00f3n de datos personales Le informamos que el tratamiento [&hellip;]\" \/>\n<meta property=\"og:url\" content=\"https:\/\/urbilar.com\/en\/politica-de-solicitudes-de-empleo\/\" \/>\n<meta property=\"og:site_name\" content=\"Urbilar\" \/>\n<meta property=\"article:modified_time\" content=\"2025-11-12T13:55:09+00:00\" \/>\n<meta name=\"twitter:card\" content=\"summary_large_image\" \/>\n<meta name=\"twitter:label1\" content=\"Estimated reading time\" \/>\n\t<meta name=\"twitter:data1\" content=\"3 minutes\" \/>\n<script type=\"application\/ld+json\" class=\"yoast-schema-graph\">{\"@context\":\"https:\/\/schema.org\",\"@graph\":[{\"@type\":\"WebPage\",\"@id\":\"https:\/\/urbilar.com\/politica-de-solicitudes-de-empleo\/\",\"url\":\"https:\/\/urbilar.com\/politica-de-solicitudes-de-empleo\/\",\"name\":\"Pol\u00edtica de Solicitudes de Empleo - Urbilar\",\"isPartOf\":{\"@id\":\"https:\/\/urbilar.com\/#website\"},\"datePublished\":\"2025-11-03T12:56:21+00:00\",\"dateModified\":\"2025-11-12T13:55:09+00:00\",\"breadcrumb\":{\"@id\":\"https:\/\/urbilar.com\/politica-de-solicitudes-de-empleo\/#breadcrumb\"},\"inLanguage\":\"en-GB\",\"potentialAction\":[{\"@type\":\"ReadAction\",\"target\":[\"https:\/\/urbilar.com\/politica-de-solicitudes-de-empleo\/\"]}]},{\"@type\":\"BreadcrumbList\",\"@id\":\"https:\/\/urbilar.com\/politica-de-solicitudes-de-empleo\/#breadcrumb\",\"itemListElement\":[{\"@type\":\"ListItem\",\"position\":1,\"name\":\"Portada\",\"item\":\"https:\/\/urbilar.com\/\"},{\"@type\":\"ListItem\",\"position\":2,\"name\":\"Pol\u00edtica de Solicitudes de Empleo\"}]},{\"@type\":\"WebSite\",\"@id\":\"https:\/\/urbilar.com\/#website\",\"url\":\"https:\/\/urbilar.com\/\",\"name\":\"Urbilar\",\"description\":\"\",\"potentialAction\":[{\"@type\":\"SearchAction\",\"target\":{\"@type\":\"EntryPoint\",\"urlTemplate\":\"https:\/\/urbilar.com\/?s={search_term_string}\"},\"query-input\":{\"@type\":\"PropertyValueSpecification\",\"valueRequired\":true,\"valueName\":\"search_term_string\"}}],\"inLanguage\":\"en-GB\"}]}<\/script>\n<!-- \/ Yoast SEO plugin. -->","yoast_head_json":{"title":"Pol\u00edtica de Solicitudes de Empleo - Urbilar","robots":{"index":"index","follow":"follow","max-snippet":"max-snippet:-1","max-image-preview":"max-image-preview:large","max-video-preview":"max-video-preview:-1"},"canonical":"https:\/\/urbilar.com\/en\/politica-de-solicitudes-de-empleo\/","og_locale":"en_GB","og_type":"article","og_title":"Pol\u00edtica de Solicitudes de Empleo - Urbilar","og_description":"1. Identificaci\u00f3n del Responsable del tratamiento Entidad:\u00a0URBILAR GLOBALCIF\/NIF:\u00a0B97034730Direcci\u00f3n postal:\u00a0Calle Francisco Alcayde 25 46183 &#8211; La Eliana Valencia (Valencia)Tel\u00e9fono:\u00a0963 66 00 55Correo electr\u00f3nico:\u00a0urbilar@urbilar.comObjeto Social:\u00a0Servicios InmobiliariosSitio web:\u00a0https:\/\/www.urbilar.com\/Datos registrales:\u00a0Registro Mercantil de Valencia, Tomo 6781, Libro 4085, Folio 35, Secci\u00f3n 8, Hoja V 75110 2. Informaci\u00f3n sobre la Normativa de protecci\u00f3n de datos personales Le informamos que el tratamiento [&hellip;]","og_url":"https:\/\/urbilar.com\/en\/politica-de-solicitudes-de-empleo\/","og_site_name":"Urbilar","article_modified_time":"2025-11-12T13:55:09+00:00","twitter_card":"summary_large_image","twitter_misc":{"Estimated reading time":"3 minutes"},"schema":{"@context":"https:\/\/schema.org","@graph":[{"@type":"WebPage","@id":"https:\/\/urbilar.com\/politica-de-solicitudes-de-empleo\/","url":"https:\/\/urbilar.com\/politica-de-solicitudes-de-empleo\/","name":"Pol\u00edtica de Solicitudes de Empleo - Urbilar","isPartOf":{"@id":"https:\/\/urbilar.com\/#website"},"datePublished":"2025-11-03T12:56:21+00:00","dateModified":"2025-11-12T13:55:09+00:00","breadcrumb":{"@id":"https:\/\/urbilar.com\/politica-de-solicitudes-de-empleo\/#breadcrumb"},"inLanguage":"en-GB","potentialAction":[{"@type":"ReadAction","target":["https:\/\/urbilar.com\/politica-de-solicitudes-de-empleo\/"]}]},{"@type":"BreadcrumbList","@id":"https:\/\/urbilar.com\/politica-de-solicitudes-de-empleo\/#breadcrumb","itemListElement":[{"@type":"ListItem","position":1,"name":"Portada","item":"https:\/\/urbilar.com\/"},{"@type":"ListItem","position":2,"name":"Pol\u00edtica de Solicitudes de Empleo"}]},{"@type":"WebSite","@id":"https:\/\/urbilar.com\/#website","url":"https:\/\/urbilar.com\/","name":"Urbilar","description":"","potentialAction":[{"@type":"SearchAction","target":{"@type":"EntryPoint","urlTemplate":"https:\/\/urbilar.com\/?s={search_term_string}"},"query-input":{"@type":"PropertyValueSpecification","valueRequired":true,"valueName":"search_term_string"}}],"inLanguage":"en-GB"}]}},"_links":{"self":[{"href":"https:\/\/urbilar.com\/en\/wp-json\/wp\/v2\/pages\/2477","targetHints":{"allow":["GET"]}}],"collection":[{"href":"https:\/\/urbilar.com\/en\/wp-json\/wp\/v2\/pages"}],"about":[{"href":"https:\/\/urbilar.com\/en\/wp-json\/wp\/v2\/types\/page"}],"author":[{"embeddable":true,"href":"https:\/\/urbilar.com\/en\/wp-json\/wp\/v2\/users\/1"}],"replies":[{"embeddable":true,"href":"https:\/\/urbilar.com\/en\/wp-json\/wp\/v2\/comments?post=2477"}],"version-history":[{"count":3,"href":"https:\/\/urbilar.com\/en\/wp-json\/wp\/v2\/pages\/2477\/revisions"}],"predecessor-version":[{"id":2664,"href":"https:\/\/urbilar.com\/en\/wp-json\/wp\/v2\/pages\/2477\/revisions\/2664"}],"wp:attachment":[{"href":"https:\/\/urbilar.com\/en\/wp-json\/wp\/v2\/media?parent=2477"}],"curies":[{"name":"wp","href":"https:\/\/api.w.org\/{rel}","templated":true}]}}